{"id":5877,"date":"2025-11-13T16:57:00","date_gmt":"2025-11-13T16:57:00","guid":{"rendered":"https:\/\/autogestion.cl\/?post_type=product&#038;p=5877"},"modified":"2025-11-25T16:28:07","modified_gmt":"2025-11-25T16:28:07","slug":"nissan-qashqai-2-0-at","status":"publish","type":"product","link":"https:\/\/autogestion.cl\/index.php\/producto\/nissan-qashqai-2-0-at\/","title":{"rendered":"Nissan qashqai 2.0 AT"},"content":{"rendered":"","protected":false},"excerpt":{"rendered":"<p>* A\u00f1o: 2018<\/p>\n<p>* Combustible: Bencina<\/p>\n<p>* Transmisi\u00f3n: Autom\u00e1tico<\/p>\n<p>* Kilometraje: 110.000 KM<\/p>\n<p>* Asientos de tela<\/p>\n<p>* Aire acondicionado<\/p>\n<p>* Alzavidrios y espejos el\u00e9ctricos<\/p>\n<p>* impecable estado<\/p>\n<p>* Mantenciones al d\u00eda<\/p>\n<p>\u27a1\ufe0f Gestionamos tu cr\u00e9dito automotriz con el 30 % de pie y hasta 48 meses para pagar, con la mejor tasa del mercado \ud83d\udd25\ud83d\ude97\u2705<\/p>\n","protected":false},"featured_media":5878,"comment_status":"open","ping_status":"closed","template":"","meta":{"site-sidebar-layout":"default","site-content-layout":"","ast-site-content-layout":"default","site-content-style":"default","site-sidebar-style":"default","ast-global-header-display":"","ast-banner-title-visibility":"","ast-main-header-display":"","ast-hfb-above-header-display":"","ast-hfb-below-header-display":"","ast-hfb-mobile-header-display":"","site-post-title":"","ast-breadcrumbs-content":"","ast-featured-img":"","footer-sml-layout":"","ast-disable-related-posts":"","theme-transparent-header-meta":"default","adv-header-id-meta":"","stick-header-meta":"","header-above-stick-meta":"","header-main-stick-meta":"","header-below-stick-meta":"","astra-migrate-meta-layouts":"set","ast-page-background-enabled":"default","ast-page-background-meta":{"desktop":{"background-color":"","background-image":"","background-repeat":"repeat","background-position":"center center","background-size":"auto","background-attachment":"scroll","background-type":"","background-media":"","overlay-type":"","overlay-color":"","overlay-opacity":"","overlay-gradient":""},"tablet":{"background-color":"","background-image":"","background-repeat":"repeat","background-position":"center center","background-size":"auto","background-attachment":"scroll","background-type":"","background-media":"","overlay-type":"","overlay-color":"","overlay-opacity":"","overlay-gradient":""},"mobile":{"background-color":"","background-image":"","background-repeat":"repeat","background-position":"center center","background-size":"auto","background-attachment":"scroll","background-type":"","background-media":"","overlay-type":"","overlay-color":"","overlay-opacity":"","overlay-gradient":""}},"ast-content-background-meta":{"desktop":{"background-color":"var(--ast-global-color-5)","background-image":"","background-repeat":"repeat","background-position":"center center","background-size":"auto","background-attachment":"scroll","background-type":"","background-media":"","overlay-type":"","overlay-color":"","overlay-opacity":"","overlay-gradient":""},"tablet":{"background-color":"var(--ast-global-color-5)","background-image":"","background-repeat":"repeat","background-position":"center center","background-size":"auto","background-attachment":"scroll","background-type":"","background-media":"","overlay-type":"","overlay-color":"","overlay-opacity":"","overlay-gradient":""},"mobile":{"background-color":"var(--ast-global-color-5)","background-image":"","background-repeat":"repeat","background-position":"center center","background-size":"auto","background-attachment":"scroll","background-type":"","background-media":"","overlay-type":"","overlay-color":"","overlay-opacity":"","overlay-gradient":""}}},"product_brand":[],"product_cat":[27,29],"product_tag":[],"class_list":{"0":"post-5877","1":"product","2":"type-product","3":"status-publish","4":"has-post-thumbnail","6":"product_cat-autos","7":"product_cat-stock","8":"desktop-align-left","9":"tablet-align-left","10":"mobile-align-left","12":"first","13":"onbackorder","14":"taxable","15":"shipping-taxable","16":"purchasable","17":"product-type-simple"},"yoast_head":"<!-- This site is optimized with the Yoast SEO plugin v26.6 - https:\/\/yoast.com\/wordpress\/plugins\/seo\/ -->\n<title>Nissan qashqai 2.0 AT - AutoGesti\u00f3n<\/title>\n<meta name=\"robots\" content=\"index, follow, max-snippet:-1, max-image-preview:large, max-video-preview:-1\" \/>\n<link rel=\"canonical\" href=\"https:\/\/autogestion.cl\/index.php\/producto\/nissan-qashqai-2-0-at\/\" \/>\n<meta property=\"og:locale\" content=\"es_ES\" \/>\n<meta property=\"og:type\" content=\"article\" \/>\n<meta property=\"og:title\" content=\"Nissan qashqai 2.0 AT - AutoGesti\u00f3n\" \/>\n<meta property=\"og:description\" content=\"* A\u00f1o: 2018  * Combustible: Bencina  * Transmisi\u00f3n: Autom\u00e1tico  * Kilometraje: 110.000 KM  * Asientos de tela  * Aire acondicionado  * Alzavidrios y espejos el\u00e9ctricos  * impecable estado  * Mantenciones al d\u00eda  \u27a1\ufe0f Gestionamos tu cr\u00e9dito automotriz con el 30 % de pie y hasta 48 meses para pagar, con la mejor tasa del mercado \ud83d\udd25\ud83d\ude97\u2705\" \/>\n<meta property=\"og:url\" content=\"https:\/\/autogestion.cl\/index.php\/producto\/nissan-qashqai-2-0-at\/\" \/>\n<meta property=\"og:site_name\" content=\"AutoGesti\u00f3n\" \/>\n<meta property=\"article:modified_time\" content=\"2025-11-25T16:28:07+00:00\" \/>\n<meta property=\"og:image\" content=\"https:\/\/autogestion.cl\/wp-content\/uploads\/2025\/11\/IMG_8487-scaled.jpg\" \/>\n\t<meta property=\"og:image:width\" content=\"2048\" \/>\n\t<meta property=\"og:image:height\" content=\"2560\" \/>\n\t<meta property=\"og:image:type\" content=\"image\/jpeg\" \/>\n<meta name=\"twitter:card\" content=\"summary_large_image\" \/>\n<meta name=\"twitter:label1\" content=\"Tiempo de lectura\" \/>\n\t<meta name=\"twitter:data1\" content=\"1 minuto\" \/>\n<script type=\"application\/ld+json\" class=\"yoast-schema-graph\">{\"@context\":\"https:\/\/schema.org\",\"@graph\":[{\"@type\":\"WebPage\",\"@id\":\"https:\/\/autogestion.cl\/index.php\/producto\/nissan-qashqai-2-0-at\/\",\"url\":\"https:\/\/autogestion.cl\/index.php\/producto\/nissan-qashqai-2-0-at\/\",\"name\":\"Nissan qashqai 2.0 AT - AutoGesti\u00f3n\",\"isPartOf\":{\"@id\":\"https:\/\/autogestion.cl\/#website\"},\"primaryImageOfPage\":{\"@id\":\"https:\/\/autogestion.cl\/index.php\/producto\/nissan-qashqai-2-0-at\/#primaryimage\"},\"image\":{\"@id\":\"https:\/\/autogestion.cl\/index.php\/producto\/nissan-qashqai-2-0-at\/#primaryimage\"},\"thumbnailUrl\":\"https:\/\/autogestion.cl\/wp-content\/uploads\/2025\/11\/IMG_8487-scaled.jpg\",\"datePublished\":\"2025-11-13T16:57:00+00:00\",\"dateModified\":\"2025-11-25T16:28:07+00:00\",\"breadcrumb\":{\"@id\":\"https:\/\/autogestion.cl\/index.php\/producto\/nissan-qashqai-2-0-at\/#breadcrumb\"},\"inLanguage\":\"es\",\"potentialAction\":[{\"@type\":\"ReadAction\",\"target\":[\"https:\/\/autogestion.cl\/index.php\/producto\/nissan-qashqai-2-0-at\/\"]}]},{\"@type\":\"ImageObject\",\"inLanguage\":\"es\",\"@id\":\"https:\/\/autogestion.cl\/index.php\/producto\/nissan-qashqai-2-0-at\/#primaryimage\",\"url\":\"https:\/\/autogestion.cl\/wp-content\/uploads\/2025\/11\/IMG_8487-scaled.jpg\",\"contentUrl\":\"https:\/\/autogestion.cl\/wp-content\/uploads\/2025\/11\/IMG_8487-scaled.jpg\",\"width\":2048,\"height\":2560},{\"@type\":\"BreadcrumbList\",\"@id\":\"https:\/\/autogestion.cl\/index.php\/producto\/nissan-qashqai-2-0-at\/#breadcrumb\",\"itemListElement\":[{\"@type\":\"ListItem\",\"position\":1,\"name\":\"Portada\",\"item\":\"https:\/\/autogestion.cl\/\"},{\"@type\":\"ListItem\",\"position\":2,\"name\":\"Shop\",\"item\":\"https:\/\/autogestion.cl\/index.php\/shop\/\"},{\"@type\":\"ListItem\",\"position\":3,\"name\":\"Nissan qashqai 2.0 AT\"}]},{\"@type\":\"WebSite\",\"@id\":\"https:\/\/autogestion.cl\/#website\",\"url\":\"https:\/\/autogestion.cl\/\",\"name\":\"AutoGesti\u00f3n\",\"description\":\"\",\"publisher\":{\"@id\":\"https:\/\/autogestion.cl\/#organization\"},\"potentialAction\":[{\"@type\":\"SearchAction\",\"target\":{\"@type\":\"EntryPoint\",\"urlTemplate\":\"https:\/\/autogestion.cl\/?s={search_term_string}\"},\"query-input\":{\"@type\":\"PropertyValueSpecification\",\"valueRequired\":true,\"valueName\":\"search_term_string\"}}],\"inLanguage\":\"es\"},{\"@type\":\"Organization\",\"@id\":\"https:\/\/autogestion.cl\/#organization\",\"name\":\"AutoGesti\u00f3n\",\"url\":\"https:\/\/autogestion.cl\/\",\"logo\":{\"@type\":\"ImageObject\",\"inLanguage\":\"es\",\"@id\":\"https:\/\/autogestion.cl\/#\/schema\/logo\/image\/\",\"url\":\"https:\/\/autogestion.cl\/wp-content\/uploads\/2025\/02\/cropped-cropped-logo-priueba-sin-fondo-marca-de-agua.png\",\"contentUrl\":\"https:\/\/autogestion.cl\/wp-content\/uploads\/2025\/02\/cropped-cropped-logo-priueba-sin-fondo-marca-de-agua.png\",\"width\":1885,\"height\":629,\"caption\":\"AutoGesti\u00f3n\"},\"image\":{\"@id\":\"https:\/\/autogestion.cl\/#\/schema\/logo\/image\/\"}}]}<\/script>\n<!-- \/ Yoast SEO plugin. -->","yoast_head_json":{"title":"Nissan qashqai 2.0 AT - AutoGesti\u00f3n","robots":{"index":"index","follow":"follow","max-snippet":"max-snippet:-1","max-image-preview":"max-image-preview:large","max-video-preview":"max-video-preview:-1"},"canonical":"https:\/\/autogestion.cl\/index.php\/producto\/nissan-qashqai-2-0-at\/","og_locale":"es_ES","og_type":"article","og_title":"Nissan qashqai 2.0 AT - AutoGesti\u00f3n","og_description":"* A\u00f1o: 2018  * Combustible: Bencina  * Transmisi\u00f3n: Autom\u00e1tico  * Kilometraje: 110.000 KM  * Asientos de tela  * Aire acondicionado  * Alzavidrios y espejos el\u00e9ctricos  * impecable estado  * Mantenciones al d\u00eda  \u27a1\ufe0f Gestionamos tu cr\u00e9dito automotriz con el 30 % de pie y hasta 48 meses para pagar, con la mejor tasa del mercado \ud83d\udd25\ud83d\ude97\u2705","og_url":"https:\/\/autogestion.cl\/index.php\/producto\/nissan-qashqai-2-0-at\/","og_site_name":"AutoGesti\u00f3n","article_modified_time":"2025-11-25T16:28:07+00:00","og_image":[{"width":2048,"height":2560,"url":"https:\/\/autogestion.cl\/wp-content\/uploads\/2025\/11\/IMG_8487-scaled.jpg","type":"image\/jpeg"}],"twitter_card":"summary_large_image","twitter_misc":{"Tiempo de lectura":"1 minuto"},"schema":{"@context":"https:\/\/schema.org","@graph":[{"@type":"WebPage","@id":"https:\/\/autogestion.cl\/index.php\/producto\/nissan-qashqai-2-0-at\/","url":"https:\/\/autogestion.cl\/index.php\/producto\/nissan-qashqai-2-0-at\/","name":"Nissan qashqai 2.0 AT - AutoGesti\u00f3n","isPartOf":{"@id":"https:\/\/autogestion.cl\/#website"},"primaryImageOfPage":{"@id":"https:\/\/autogestion.cl\/index.php\/producto\/nissan-qashqai-2-0-at\/#primaryimage"},"image":{"@id":"https:\/\/autogestion.cl\/index.php\/producto\/nissan-qashqai-2-0-at\/#primaryimage"},"thumbnailUrl":"https:\/\/autogestion.cl\/wp-content\/uploads\/2025\/11\/IMG_8487-scaled.jpg","datePublished":"2025-11-13T16:57:00+00:00","dateModified":"2025-11-25T16:28:07+00:00","breadcrumb":{"@id":"https:\/\/autogestion.cl\/index.php\/producto\/nissan-qashqai-2-0-at\/#breadcrumb"},"inLanguage":"es","potentialAction":[{"@type":"ReadAction","target":["https:\/\/autogestion.cl\/index.php\/producto\/nissan-qashqai-2-0-at\/"]}]},{"@type":"ImageObject","inLanguage":"es","@id":"https:\/\/autogestion.cl\/index.php\/producto\/nissan-qashqai-2-0-at\/#primaryimage","url":"https:\/\/autogestion.cl\/wp-content\/uploads\/2025\/11\/IMG_8487-scaled.jpg","contentUrl":"https:\/\/autogestion.cl\/wp-content\/uploads\/2025\/11\/IMG_8487-scaled.jpg","width":2048,"height":2560},{"@type":"BreadcrumbList","@id":"https:\/\/autogestion.cl\/index.php\/producto\/nissan-qashqai-2-0-at\/#breadcrumb","itemListElement":[{"@type":"ListItem","position":1,"name":"Portada","item":"https:\/\/autogestion.cl\/"},{"@type":"ListItem","position":2,"name":"Shop","item":"https:\/\/autogestion.cl\/index.php\/shop\/"},{"@type":"ListItem","position":3,"name":"Nissan qashqai 2.0 AT"}]},{"@type":"WebSite","@id":"https:\/\/autogestion.cl\/#website","url":"https:\/\/autogestion.cl\/","name":"AutoGesti\u00f3n","description":"","publisher":{"@id":"https:\/\/autogestion.cl\/#organization"},"potentialAction":[{"@type":"SearchAction","target":{"@type":"EntryPoint","urlTemplate":"https:\/\/autogestion.cl\/?s={search_term_string}"},"query-input":{"@type":"PropertyValueSpecification","valueRequired":true,"valueName":"search_term_string"}}],"inLanguage":"es"},{"@type":"Organization","@id":"https:\/\/autogestion.cl\/#organization","name":"AutoGesti\u00f3n","url":"https:\/\/autogestion.cl\/","logo":{"@type":"ImageObject","inLanguage":"es","@id":"https:\/\/autogestion.cl\/#\/schema\/logo\/image\/","url":"https:\/\/autogestion.cl\/wp-content\/uploads\/2025\/02\/cropped-cropped-logo-priueba-sin-fondo-marca-de-agua.png","contentUrl":"https:\/\/autogestion.cl\/wp-content\/uploads\/2025\/02\/cropped-cropped-logo-priueba-sin-fondo-marca-de-agua.png","width":1885,"height":629,"caption":"AutoGesti\u00f3n"},"image":{"@id":"https:\/\/autogestion.cl\/#\/schema\/logo\/image\/"}}]}},"_links":{"self":[{"href":"https:\/\/autogestion.cl\/index.php\/wp-json\/wp\/v2\/product\/5877","targetHints":{"allow":["GET"]}}],"collection":[{"href":"https:\/\/autogestion.cl\/index.php\/wp-json\/wp\/v2\/product"}],"about":[{"href":"https:\/\/autogestion.cl\/index.php\/wp-json\/wp\/v2\/types\/product"}],"replies":[{"embeddable":true,"href":"https:\/\/autogestion.cl\/index.php\/wp-json\/wp\/v2\/comments?post=5877"}],"wp:featuredmedia":[{"embeddable":true,"href":"https:\/\/autogestion.cl\/index.php\/wp-json\/wp\/v2\/media\/5878"}],"wp:attachment":[{"href":"https:\/\/autogestion.cl\/index.php\/wp-json\/wp\/v2\/media?parent=5877"}],"wp:term":[{"taxonomy":"product_brand","embeddable":true,"href":"https:\/\/autogestion.cl\/index.php\/wp-json\/wp\/v2\/product_brand?post=5877"},{"taxonomy":"product_cat","embeddable":true,"href":"https:\/\/autogestion.cl\/index.php\/wp-json\/wp\/v2\/product_cat?post=5877"},{"taxonomy":"product_tag","embeddable":true,"href":"https:\/\/autogestion.cl\/index.php\/wp-json\/wp\/v2\/product_tag?post=5877"}],"curies":[{"name":"wp","href":"https:\/\/api.w.org\/{rel}","templated":true}]}}