{"id":1195,"date":"2021-03-17T08:56:02","date_gmt":"2021-03-17T08:56:02","guid":{"rendered":"https:\/\/autogestion.cl\/index.php\/about-us\/"},"modified":"2024-06-12T21:33:51","modified_gmt":"2024-06-12T21:33:51","slug":"about-us","status":"publish","type":"page","link":"https:\/\/autogestion.cl\/index.php\/about-us\/","title":{"rendered":"About Us"},"content":{"rendered":"\t\t<div data-elementor-type=\"wp-page\" data-elementor-id=\"1195\" class=\"elementor elementor-1195\">\n\t\t\t\t<div class=\"elementor-element elementor-element-dace863 e-flex e-con-boxed e-con e-parent\" data-id=\"dace863\" data-element_type=\"container\" data-settings=\"{&quot;background_background&quot;:&quot;slideshow&quot;,&quot;background_slideshow_gallery&quot;:[{&quot;id&quot;:1566,&quot;url&quot;:&quot;https:\\\/\\\/autogestion.cl\\\/wp-content\\\/uploads\\\/2023\\\/11\\\/Diseno-sin-titulo-8-scaled.jpg&quot;}],&quot;background_slideshow_loop&quot;:&quot;yes&quot;,&quot;background_slideshow_slide_duration&quot;:5000,&quot;background_slideshow_slide_transition&quot;:&quot;fade&quot;,&quot;background_slideshow_transition_duration&quot;:500}\">\n\t\t\t\t\t<div class=\"e-con-inner\">\n\t\t<div class=\"elementor-element elementor-element-7350a2c e-con-full e-flex e-con e-child\" data-id=\"7350a2c\" data-element_type=\"container\">\n\t\t\t\t<\/div>\n\t\t<div class=\"elementor-element elementor-element-460ce7d e-con-full e-flex e-con e-child\" data-id=\"460ce7d\" data-element_type=\"container\">\n\t\t\t\t<\/div>\n\t\t<div class=\"elementor-element elementor-element-a45eab2 e-con-full e-flex e-con e-child\" data-id=\"a45eab2\" data-element_type=\"container\">\n\t\t\t\t<\/div>\n\t\t\t\t\t<\/div>\n\t\t\t\t<\/div>\n\t\t\t\t<section class=\"elementor-section elementor-top-section elementor-element elementor-element-6cea292 elementor-section-boxed elementor-section-height-default elementor-section-height-default\" data-id=\"6cea292\" data-element_type=\"section\" data-settings=\"{&quot;background_background&quot;:&quot;classic&quot;}\">\n\t\t\t\t\t\t<div class=\"elementor-container elementor-column-gap-default\">\n\t\t\t\t\t<div class=\"elementor-column elementor-col-100 elementor-top-column elementor-element elementor-element-e8215be\" data-id=\"e8215be\" data-element_type=\"column\">\n\t\t\t<div class=\"elementor-widget-wrap elementor-element-populated\">\n\t\t\t\t\t\t<div class=\"elementor-element elementor-element-a19fa51 elementor-widget elementor-widget-heading\" data-id=\"a19fa51\" data-element_type=\"widget\" data-widget_type=\"heading.default\">\n\t\t\t\t<div class=\"elementor-widget-container\">\n\t\t\t\t\t<h2 class=\"elementor-heading-title elementor-size-default\">Reserva tu pr\u00f3ximo auto<\/h2>\t\t\t\t<\/div>\n\t\t\t\t<\/div>\n\t\t\t\t<section class=\"elementor-section elementor-inner-section elementor-element elementor-element-7c92cdb elementor-section-boxed elementor-section-height-default elementor-section-height-default\" data-id=\"7c92cdb\" data-element_type=\"section\">\n\t\t\t\t\t\t<div class=\"elementor-container elementor-column-gap-default\">\n\t\t\t\t\t<div class=\"elementor-column elementor-col-33 elementor-inner-column elementor-element elementor-element-4b44c7e\" data-id=\"4b44c7e\" data-element_type=\"column\">\n\t\t\t<div class=\"elementor-widget-wrap elementor-element-populated\">\n\t\t\t\t\t\t<div class=\"elementor-element elementor-element-03499a6 elementor-widget elementor-widget-heading\" data-id=\"03499a6\" data-element_type=\"widget\" data-widget_type=\"heading.default\">\n\t\t\t\t<div class=\"elementor-widget-container\">\n\t\t\t\t\t<h6 class=\"elementor-heading-title elementor-size-default\">1<\/h6>\t\t\t\t<\/div>\n\t\t\t\t<\/div>\n\t\t\t\t<div class=\"elementor-element elementor-element-ea4b954 elementor-widget elementor-widget-image-box\" data-id=\"ea4b954\" data-element_type=\"widget\" data-widget_type=\"image-box.default\">\n\t\t\t\t<div class=\"elementor-widget-container\">\n\t\t\t\t\t<div class=\"elementor-image-box-wrapper\"><div class=\"elementor-image-box-content\"><h5 class=\"elementor-image-box-title\">Confirma Stock<\/h5><p class=\"elementor-image-box-description\">Escr\u00edbenos un mensaje al +56989202033  para confirmar stock del vech\u00edculo que te interesa<\/p><\/div><\/div>\t\t\t\t<\/div>\n\t\t\t\t<\/div>\n\t\t\t\t\t<\/div>\n\t\t<\/div>\n\t\t\t\t<div class=\"elementor-column elementor-col-33 elementor-inner-column elementor-element elementor-element-356f0bb\" data-id=\"356f0bb\" data-element_type=\"column\">\n\t\t\t<div class=\"elementor-widget-wrap elementor-element-populated\">\n\t\t\t\t\t\t<div class=\"elementor-element elementor-element-cc10142 elementor-widget elementor-widget-heading\" data-id=\"cc10142\" data-element_type=\"widget\" data-widget_type=\"heading.default\">\n\t\t\t\t<div class=\"elementor-widget-container\">\n\t\t\t\t\t<h6 class=\"elementor-heading-title elementor-size-default\">2<\/h6>\t\t\t\t<\/div>\n\t\t\t\t<\/div>\n\t\t\t\t<div class=\"elementor-element elementor-element-c723307 elementor-widget elementor-widget-image-box\" data-id=\"c723307\" data-element_type=\"widget\" data-widget_type=\"image-box.default\">\n\t\t\t\t<div class=\"elementor-widget-container\">\n\t\t\t\t\t<div class=\"elementor-image-box-wrapper\"><div class=\"elementor-image-box-content\"><h5 class=\"elementor-image-box-title\">Importante <br><br><\/h5><p class=\"elementor-image-box-description\">Recuerda que la reserva M\u00ednima es de $200.000 pesos.<\/p><\/div><\/div>\t\t\t\t<\/div>\n\t\t\t\t<\/div>\n\t\t\t\t\t<\/div>\n\t\t<\/div>\n\t\t\t\t<div class=\"elementor-column elementor-col-33 elementor-inner-column elementor-element elementor-element-c2dfbe6\" data-id=\"c2dfbe6\" data-element_type=\"column\">\n\t\t\t<div class=\"elementor-widget-wrap elementor-element-populated\">\n\t\t\t\t\t\t<div class=\"elementor-element elementor-element-029adf6 elementor-widget elementor-widget-heading\" data-id=\"029adf6\" data-element_type=\"widget\" data-widget_type=\"heading.default\">\n\t\t\t\t<div class=\"elementor-widget-container\">\n\t\t\t\t\t<h6 class=\"elementor-heading-title elementor-size-default\">3<\/h6>\t\t\t\t<\/div>\n\t\t\t\t<\/div>\n\t\t\t\t<div class=\"elementor-element elementor-element-a557c8c elementor-widget elementor-widget-image-box\" data-id=\"a557c8c\" data-element_type=\"widget\" data-widget_type=\"image-box.default\">\n\t\t\t\t<div class=\"elementor-widget-container\">\n\t\t\t\t\t<div class=\"elementor-image-box-wrapper\"><div class=\"elementor-image-box-content\"><h5 class=\"elementor-image-box-title\">Retira tu vehiculo <\/h5><p class=\"elementor-image-box-description\">\u00a1Disfruta de tu nuevo Veh\u00edculo!<\/p><\/div><\/div>\t\t\t\t<\/div>\n\t\t\t\t<\/div>\n\t\t\t\t\t<\/div>\n\t\t<\/div>\n\t\t\t\t\t<\/div>\n\t\t<\/section>\n\t\t\t\t\t<\/div>\n\t\t<\/div>\n\t\t\t\t\t<\/div>\n\t\t<\/section>\n\t\t\t\t<section class=\"elementor-section elementor-top-section elementor-element elementor-element-697e68a elementor-section-boxed elementor-section-height-default elementor-section-height-default\" data-id=\"697e68a\" data-element_type=\"section\" data-settings=\"{&quot;background_background&quot;:&quot;classic&quot;}\">\n\t\t\t\t\t\t\t<div class=\"elementor-background-overlay\"><\/div>\n\t\t\t\t\t\t\t<div class=\"elementor-container elementor-column-gap-no\">\n\t\t\t\t\t<div class=\"elementor-column elementor-col-100 elementor-top-column elementor-element elementor-element-04e4e85\" data-id=\"04e4e85\" data-element_type=\"column\">\n\t\t\t<div class=\"elementor-widget-wrap elementor-element-populated\">\n\t\t\t\t\t<div class=\"elementor-background-overlay\"><\/div>\n\t\t\t\t\t\t<div class=\"elementor-element elementor-element-6df7c60 elementor-widget elementor-widget-heading\" data-id=\"6df7c60\" data-element_type=\"widget\" data-widget_type=\"heading.default\">\n\t\t\t\t<div class=\"elementor-widget-container\">\n\t\t\t\t\t<h4 class=\"elementor-heading-title elementor-size-default\">INFORMACI\u00d3N DE TRANSFERENCIA<\/h4>\t\t\t\t<\/div>\n\t\t\t\t<\/div>\n\t\t\t\t<div class=\"elementor-element elementor-element-053300f elementor-widget elementor-widget-text-editor\" data-id=\"053300f\" data-element_type=\"widget\" data-widget_type=\"text-editor.default\">\n\t\t\t\t<div class=\"elementor-widget-container\">\n\t\t\t\t\t\t\t\t\t<p><strong>Comercial Autogestion SPA<\/strong><\/p>\n<p><strong>RUT: 77.085.322-2<\/strong><\/p>\n<p><strong>CUENTA CORRIENTE BANCO DE CHILE: 04020411904<\/strong><\/p>\n<p><strong>CORREO DE CONFIRMACI\u00d3N: VENTAS@AUTOGESTION.CL<\/strong><\/p>\n<p>La vigencia de la reservaci\u00f3n ser\u00e1 de 5 d\u00edas h\u00e1biles a contar del momento de realizaci\u00f3n de la misma , para cualquier duda o consulta Favor contactarse a trav\u00e9s de nuestros canales de atenci\u00f3n y redes sociales.&nbsp;<\/p>\t\t\t\t\t\t\t\t<\/div>\n\t\t\t\t<\/div>\n\t\t\t\t\t<\/div>\n\t\t<\/div>\n\t\t\t\t\t<\/div>\n\t\t<\/section>\n\t\t<div class=\"elementor-element elementor-element-a6b4cf2 e-flex e-con-boxed e-con e-parent\" data-id=\"a6b4cf2\" data-element_type=\"container\">\n\t\t\t\t\t<div class=\"e-con-inner\">\n\t\t\t\t<div class=\"elementor-element elementor-element-d0c9aea elementor-widget-divider--view-line elementor-widget elementor-widget-divider\" data-id=\"d0c9aea\" data-element_type=\"widget\" data-widget_type=\"divider.default\">\n\t\t\t\t<div class=\"elementor-widget-container\">\n\t\t\t\t\t\t\t<div class=\"elementor-divider\">\n\t\t\t<span class=\"elementor-divider-separator\">\n\t\t\t\t\t\t<\/span>\n\t\t<\/div>\n\t\t\t\t\t\t<\/div>\n\t\t\t\t<\/div>\n\t\t\t\t\t<\/div>\n\t\t\t\t<\/div>\n\t\t\t\t<\/div>\n\t\t","protected":false},"excerpt":{"rendered":"<p>Reserva tu pr\u00f3ximo auto 1 Confirma Stock Escr\u00edbenos un mensaje al +56989202033 para confirmar stock del vech\u00edculo que te interesa 2 Importante Recuerda que la reserva M\u00ednima es de $200.000 pesos. 3 Retira tu vehiculo \u00a1Disfruta de tu nuevo Veh\u00edculo! INFORMACI\u00d3N DE TRANSFERENCIA Comercial Autogestion SPA RUT: 77.085.322-2 CUENTA CORRIENTE BANCO DE CHILE: 04020411904 CORREO [&hellip;]<\/p>\n","protected":false},"author":1,"featured_media":0,"parent":0,"menu_order":0,"comment_status":"closed","ping_status":"closed","template":"","meta":{"site-sidebar-layout":"no-sidebar","site-content-layout":"page-builder","ast-site-content-layout":"default","site-content-style":"default","site-sidebar-style":"default","ast-global-header-display":"","ast-banner-title-visibility":"","ast-main-header-display":"","ast-hfb-above-header-display":"","ast-hfb-below-header-display":"","ast-hfb-mobile-header-display":"","site-post-title":"disabled","ast-breadcrumbs-content":"disabled","ast-featured-img":"disabled","footer-sml-layout":"","ast-disable-related-posts":"","theme-transparent-header-meta":"enabled","adv-header-id-meta":"","stick-header-meta":"","header-above-stick-meta":"","header-main-stick-meta":"","header-below-stick-meta":"","astra-migrate-meta-layouts":"default","ast-page-background-enabled":"default","ast-page-background-meta":{"desktop":{"background-color":"","background-image":"","background-repeat":"repeat","background-position":"center center","background-size":"auto","background-attachment":"scroll","background-type":"","background-media":"","overlay-type":"","overlay-color":"","overlay-opacity":"","overlay-gradient":""},"tablet":{"background-color":"","background-image":"","background-repeat":"repeat","background-position":"center center","background-size":"auto","background-attachment":"scroll","background-type":"","background-media":"","overlay-type":"","overlay-color":"","overlay-opacity":"","overlay-gradient":""},"mobile":{"background-color":"","background-image":"","background-repeat":"repeat","background-position":"center center","background-size":"auto","background-attachment":"scroll","background-type":"","background-media":"","overlay-type":"","overlay-color":"","overlay-opacity":"","overlay-gradient":""}},"ast-content-background-meta":{"desktop":{"background-color":"var(--ast-global-color-5)","background-image":"","background-repeat":"repeat","background-position":"center center","background-size":"auto","background-attachment":"scroll","background-type":"","background-media":"","overlay-type":"","overlay-color":"","overlay-opacity":"","overlay-gradient":""},"tablet":{"background-color":"var(--ast-global-color-5)","background-image":"","background-repeat":"repeat","background-position":"center center","background-size":"auto","background-attachment":"scroll","background-type":"","background-media":"","overlay-type":"","overlay-color":"","overlay-opacity":"","overlay-gradient":""},"mobile":{"background-color":"var(--ast-global-color-5)","background-image":"","background-repeat":"repeat","background-position":"center center","background-size":"auto","background-attachment":"scroll","background-type":"","background-media":"","overlay-type":"","overlay-color":"","overlay-opacity":"","overlay-gradient":""}},"footnotes":""},"class_list":["post-1195","page","type-page","status-publish","hentry"],"yoast_head":"<!-- This site is optimized with the Yoast SEO plugin v26.6 - https:\/\/yoast.com\/wordpress\/plugins\/seo\/ -->\n<title>About Us - AutoGesti\u00f3n<\/title>\n<meta name=\"robots\" content=\"index, follow, max-snippet:-1, max-image-preview:large, max-video-preview:-1\" \/>\n<link rel=\"canonical\" href=\"https:\/\/autogestion.cl\/index.php\/about-us\/\" \/>\n<meta property=\"og:locale\" content=\"es_ES\" \/>\n<meta property=\"og:type\" content=\"article\" \/>\n<meta property=\"og:title\" content=\"About Us - AutoGesti\u00f3n\" \/>\n<meta property=\"og:description\" content=\"Reserva tu pr\u00f3ximo auto 1 Confirma Stock Escr\u00edbenos un mensaje al +56989202033 para confirmar stock del vech\u00edculo que te interesa 2 Importante Recuerda que la reserva M\u00ednima es de $200.000 pesos. 3 Retira tu vehiculo \u00a1Disfruta de tu nuevo Veh\u00edculo! INFORMACI\u00d3N DE TRANSFERENCIA Comercial Autogestion SPA RUT: 77.085.322-2 CUENTA CORRIENTE BANCO DE CHILE: 04020411904 CORREO [&hellip;]\" \/>\n<meta property=\"og:url\" content=\"https:\/\/autogestion.cl\/index.php\/about-us\/\" \/>\n<meta property=\"og:site_name\" content=\"AutoGesti\u00f3n\" \/>\n<meta property=\"article:modified_time\" content=\"2024-06-12T21:33:51+00:00\" \/>\n<meta name=\"twitter:card\" content=\"summary_large_image\" \/>\n<meta name=\"twitter:label1\" content=\"Tiempo de lectura\" \/>\n\t<meta name=\"twitter:data1\" content=\"1 minuto\" \/>\n<script type=\"application\/ld+json\" class=\"yoast-schema-graph\">{\"@context\":\"https:\/\/schema.org\",\"@graph\":[{\"@type\":\"WebPage\",\"@id\":\"https:\/\/autogestion.cl\/index.php\/about-us\/\",\"url\":\"https:\/\/autogestion.cl\/index.php\/about-us\/\",\"name\":\"About Us - AutoGesti\u00f3n\",\"isPartOf\":{\"@id\":\"https:\/\/autogestion.cl\/#website\"},\"datePublished\":\"2021-03-17T08:56:02+00:00\",\"dateModified\":\"2024-06-12T21:33:51+00:00\",\"breadcrumb\":{\"@id\":\"https:\/\/autogestion.cl\/index.php\/about-us\/#breadcrumb\"},\"inLanguage\":\"es\",\"potentialAction\":[{\"@type\":\"ReadAction\",\"target\":[\"https:\/\/autogestion.cl\/index.php\/about-us\/\"]}]},{\"@type\":\"BreadcrumbList\",\"@id\":\"https:\/\/autogestion.cl\/index.php\/about-us\/#breadcrumb\",\"itemListElement\":[{\"@type\":\"ListItem\",\"position\":1,\"name\":\"Portada\",\"item\":\"https:\/\/autogestion.cl\/\"},{\"@type\":\"ListItem\",\"position\":2,\"name\":\"About Us\"}]},{\"@type\":\"WebSite\",\"@id\":\"https:\/\/autogestion.cl\/#website\",\"url\":\"https:\/\/autogestion.cl\/\",\"name\":\"AutoGesti\u00f3n\",\"description\":\"\",\"publisher\":{\"@id\":\"https:\/\/autogestion.cl\/#organization\"},\"potentialAction\":[{\"@type\":\"SearchAction\",\"target\":{\"@type\":\"EntryPoint\",\"urlTemplate\":\"https:\/\/autogestion.cl\/?s={search_term_string}\"},\"query-input\":{\"@type\":\"PropertyValueSpecification\",\"valueRequired\":true,\"valueName\":\"search_term_string\"}}],\"inLanguage\":\"es\"},{\"@type\":\"Organization\",\"@id\":\"https:\/\/autogestion.cl\/#organization\",\"name\":\"AutoGesti\u00f3n\",\"url\":\"https:\/\/autogestion.cl\/\",\"logo\":{\"@type\":\"ImageObject\",\"inLanguage\":\"es\",\"@id\":\"https:\/\/autogestion.cl\/#\/schema\/logo\/image\/\",\"url\":\"https:\/\/autogestion.cl\/wp-content\/uploads\/2025\/02\/cropped-cropped-logo-priueba-sin-fondo-marca-de-agua.png\",\"contentUrl\":\"https:\/\/autogestion.cl\/wp-content\/uploads\/2025\/02\/cropped-cropped-logo-priueba-sin-fondo-marca-de-agua.png\",\"width\":1885,\"height\":629,\"caption\":\"AutoGesti\u00f3n\"},\"image\":{\"@id\":\"https:\/\/autogestion.cl\/#\/schema\/logo\/image\/\"}}]}<\/script>\n<!-- \/ Yoast SEO plugin. -->","yoast_head_json":{"title":"About Us - AutoGesti\u00f3n","robots":{"index":"index","follow":"follow","max-snippet":"max-snippet:-1","max-image-preview":"max-image-preview:large","max-video-preview":"max-video-preview:-1"},"canonical":"https:\/\/autogestion.cl\/index.php\/about-us\/","og_locale":"es_ES","og_type":"article","og_title":"About Us - AutoGesti\u00f3n","og_description":"Reserva tu pr\u00f3ximo auto 1 Confirma Stock Escr\u00edbenos un mensaje al +56989202033 para confirmar stock del vech\u00edculo que te interesa 2 Importante Recuerda que la reserva M\u00ednima es de $200.000 pesos. 3 Retira tu vehiculo \u00a1Disfruta de tu nuevo Veh\u00edculo! INFORMACI\u00d3N DE TRANSFERENCIA Comercial Autogestion SPA RUT: 77.085.322-2 CUENTA CORRIENTE BANCO DE CHILE: 04020411904 CORREO [&hellip;]","og_url":"https:\/\/autogestion.cl\/index.php\/about-us\/","og_site_name":"AutoGesti\u00f3n","article_modified_time":"2024-06-12T21:33:51+00:00","twitter_card":"summary_large_image","twitter_misc":{"Tiempo de lectura":"1 minuto"},"schema":{"@context":"https:\/\/schema.org","@graph":[{"@type":"WebPage","@id":"https:\/\/autogestion.cl\/index.php\/about-us\/","url":"https:\/\/autogestion.cl\/index.php\/about-us\/","name":"About Us - AutoGesti\u00f3n","isPartOf":{"@id":"https:\/\/autogestion.cl\/#website"},"datePublished":"2021-03-17T08:56:02+00:00","dateModified":"2024-06-12T21:33:51+00:00","breadcrumb":{"@id":"https:\/\/autogestion.cl\/index.php\/about-us\/#breadcrumb"},"inLanguage":"es","potentialAction":[{"@type":"ReadAction","target":["https:\/\/autogestion.cl\/index.php\/about-us\/"]}]},{"@type":"BreadcrumbList","@id":"https:\/\/autogestion.cl\/index.php\/about-us\/#breadcrumb","itemListElement":[{"@type":"ListItem","position":1,"name":"Portada","item":"https:\/\/autogestion.cl\/"},{"@type":"ListItem","position":2,"name":"About Us"}]},{"@type":"WebSite","@id":"https:\/\/autogestion.cl\/#website","url":"https:\/\/autogestion.cl\/","name":"AutoGesti\u00f3n","description":"","publisher":{"@id":"https:\/\/autogestion.cl\/#organization"},"potentialAction":[{"@type":"SearchAction","target":{"@type":"EntryPoint","urlTemplate":"https:\/\/autogestion.cl\/?s={search_term_string}"},"query-input":{"@type":"PropertyValueSpecification","valueRequired":true,"valueName":"search_term_string"}}],"inLanguage":"es"},{"@type":"Organization","@id":"https:\/\/autogestion.cl\/#organization","name":"AutoGesti\u00f3n","url":"https:\/\/autogestion.cl\/","logo":{"@type":"ImageObject","inLanguage":"es","@id":"https:\/\/autogestion.cl\/#\/schema\/logo\/image\/","url":"https:\/\/autogestion.cl\/wp-content\/uploads\/2025\/02\/cropped-cropped-logo-priueba-sin-fondo-marca-de-agua.png","contentUrl":"https:\/\/autogestion.cl\/wp-content\/uploads\/2025\/02\/cropped-cropped-logo-priueba-sin-fondo-marca-de-agua.png","width":1885,"height":629,"caption":"AutoGesti\u00f3n"},"image":{"@id":"https:\/\/autogestion.cl\/#\/schema\/logo\/image\/"}}]}},"_links":{"self":[{"href":"https:\/\/autogestion.cl\/index.php\/wp-json\/wp\/v2\/pages\/1195","targetHints":{"allow":["GET"]}}],"collection":[{"href":"https:\/\/autogestion.cl\/index.php\/wp-json\/wp\/v2\/pages"}],"about":[{"href":"https:\/\/autogestion.cl\/index.php\/wp-json\/wp\/v2\/types\/page"}],"author":[{"embeddable":true,"href":"https:\/\/autogestion.cl\/index.php\/wp-json\/wp\/v2\/users\/1"}],"replies":[{"embeddable":true,"href":"https:\/\/autogestion.cl\/index.php\/wp-json\/wp\/v2\/comments?post=1195"}],"version-history":[{"count":64,"href":"https:\/\/autogestion.cl\/index.php\/wp-json\/wp\/v2\/pages\/1195\/revisions"}],"predecessor-version":[{"id":2936,"href":"https:\/\/autogestion.cl\/index.php\/wp-json\/wp\/v2\/pages\/1195\/revisions\/2936"}],"wp:attachment":[{"href":"https:\/\/autogestion.cl\/index.php\/wp-json\/wp\/v2\/media?parent=1195"}],"curies":[{"name":"wp","href":"https:\/\/api.w.org\/{rel}","templated":true}]}}